{"id":177,"date":"2021-05-07T14:57:06","date_gmt":"2021-05-07T12:57:06","guid":{"rendered":"https:\/\/mueritz-bestattungen.nordkurier-digital.de\/?page_id=177"},"modified":"2021-05-18T10:07:19","modified_gmt":"2021-05-18T08:07:19","slug":"impressum","status":"publish","type":"page","link":"https:\/\/mueritz-bestattungen.de\/staging_C\/impressum\/","title":{"rendered":"Impressum"},"content":{"rendered":"\t\t<div data-elementor-type=\"wp-page\" data-elementor-id=\"177\" class=\"elementor elementor-177\">\n\t\t\t\t\t\t\t\t\t<section class=\"elementor-section elementor-top-section elementor-element elementor-element-1bea607 elementor-section-boxed elementor-section-height-default elementor-section-height-default\" data-id=\"1bea607\" data-element_type=\"section\">\n\t\t\t\t\t\t<div class=\"elementor-container elementor-column-gap-default\">\n\t\t\t\t\t<div class=\"elementor-column elementor-col-100 elementor-top-column elementor-element elementor-element-8137e30\" data-id=\"8137e30\" data-element_type=\"column\">\n\t\t\t<div class=\"elementor-widget-wrap elementor-element-populated\">\n\t\t\t\t\t\t\t\t<div class=\"elementor-element elementor-element-bd0e644 elementor-widget elementor-widget-text-editor\" data-id=\"bd0e644\" data-element_type=\"widget\" data-widget_type=\"text-editor.default\">\n\t\t\t\t<div class=\"elementor-widget-container\">\n\t\t\t\t\t\t\t<div id=\"sp-page-builder\" class=\"sp-page-builder page-2\"><div class=\"page-content\"><section id=\"section-id-1535613496873\" class=\"sppb-section \"><div class=\"sppb-row-container\"><div class=\"sppb-row\"><div id=\"column-wrap-id-1535613496872\" class=\"sppb-col-md-12\"><div id=\"column-id-1535613496872\" class=\"sppb-column\"><div class=\"sppb-column-addons\"><div id=\"sppb-addon-1535613496876\" class=\"clearfix\"><div class=\"sppb-addon sppb-addon-header sppb-text-left\"><h2 class=\"sppb-addon-title\">Impressum<\/h2><p>\u00a0<\/p><\/div><\/div><div id=\"sppb-addon-1535629517027\" class=\"clearfix\"><div class=\"sppb-addon sppb-addon-text-block 0 \"><div class=\"sppb-addon-content\"><p>M\u00fcritz-Bestattungen<br \/>Dorftstr. 81<br \/>17209 Wredenhagen<\/p><p>Tel.: 039925 77586<br \/>Fax: <span class=\"color_15\">039925 77531<br \/><\/span><\/p><p>E-Mail: <span class=\"color_15\">info@mueritz-bestattungen.de<\/span><\/p><p>USt-ID: DE 238355480<br \/>Finanzamt Waren M\u00fcritz<\/p><p>Inhaber: Tilo Br\u00fcsehafer<\/p><p>\u00a0<\/p><h3>Rechtliche Hinweise<\/h3><h4>Haftungsausschluss<\/h4><p>Alle auf www.mueritz-bestattungen.de zur Verf\u00fcgung gestellten Informationen wurden vorab sorgf\u00e4ltig vom M\u00fcritz-Bestattungen recherchiert. M\u00fcritz-Bestattungen\u00fcbernimmt jedoch keine ausdr\u00fcckliche oder stillschweigende Verantwortung oder Garantie f\u00fcr die Aktualit\u00e4t, inhaltliche Richtigkeit, Vollst\u00e4ndigkeit oder sonstige Qualit\u00e4t der Inhalte.<\/p><p>Haftungsanspr\u00fcche gegen M\u00fcritz-Bestattungen hinsichtlich Sch\u00e4den materieller oder ideeller Art, die durch die Nutzung oder Nichtnutzung der bereitgestellten Inhalte bzw. durch die Nutzung veralteter, fehlerhafter, unvollst\u00e4ndiger oder sonst in der Qualit\u00e4t mangelhaften Inhalte verursacht wurden, sind grunds\u00e4tzlich ausgeschlossen, sofern seitens M\u00fcritz-Bestattungen kein nachweislich vors\u00e4tzliches oder grob fahrl\u00e4ssiges Verschulden vorliegt.<\/p><p>Die bereitgestellten Informationen sind unverbindlich. M\u00fcritz-Bestattungen beh\u00e4lt sich das Recht vor, Seitenteile oder den gesamten Inhalt des Internetauftritts ohne Vorank\u00fcndigung zu ver\u00e4ndern, zu erg\u00e4nzen, zu l\u00f6schen oder die Ver\u00f6ffentlichung zeitweise oder komplett einzustellen.<\/p><p>M\u00fcritz-Bestattungen \u00fcbernimmt keine Garantie daf\u00fcr, dass die Internetpr\u00e4senz oder der Server, die zur Verf\u00fcgung gestellt werden, keine Viren oder andere sch\u00e4dliche Elemente enthalten. Die Nutzung des Interauftritts von M\u00fcritz-Bestattungen erfolgt auf eigenes Risiko. Der jeweilige Benutzer ist eigenverantwortlich f\u00fcr etwaige Datenverluste oder Sch\u00e4den an seinem Computersystem.<\/p><h4>Rechtehinweis<\/h4><p>Die dargestellten Seiteninhalte unter www.mueritz-bestattungen.de inklusive Layout und Software, sind durch Urheberrecht, Markenrecht, Wettbewerbsrecht oder andere Gesetze zugunsten M\u00fcritz-Bestattungen oder weiteren Dritten gesch\u00fctzt. M\u00fcritz-Bestattungen beh\u00e4lt sich alle zu seinen Gunsten bestehenden (Schutz-) Rechte vor. Ohne vorherige schriftliche Genehmigung von M\u00fcritz-Bestattungen darf kein Element (z.B. Text, Textanteil oder Bildmaterial) verbreitet, vervielf\u00e4ltigt oder verwendet werden.<\/p><\/div><\/div><\/div><\/div><\/div><\/div><\/div><\/div><\/section><\/div><\/div>\t\t\t\t\t\t<\/div>\n\t\t\t\t<\/div>\n\t\t\t\t\t<\/div>\n\t\t<\/div>\n\t\t\t\t\t\t\t<\/div>\n\t\t<\/section>\n\t\t\t\t\t\t\t<\/div>\n\t\t","protected":false},"excerpt":{"rendered":"<p>Impressum \u00a0 M\u00fcritz-BestattungenDorftstr. 8117209 Wredenhagen Tel.: 039925 77586Fax: 039925 77531 E-Mail: info@mueritz-bestattungen.de USt-ID: DE 238355480Finanzamt Waren M\u00fcritz Inhaber: Tilo Br\u00fcsehafer \u00a0 Rechtliche Hinweise Haftungsausschluss Alle auf www.mueritz-bestattungen.de zur Verf\u00fcgung gestellten Informationen wurden vorab sorgf\u00e4ltig vom M\u00fcritz-Bestattungen recherchiert. M\u00fcritz-Bestattungen\u00fcbernimmt jedoch keine ausdr\u00fcckliche oder stillschweigende Verantwortung oder Garantie f\u00fcr die Aktualit\u00e4t, inhaltliche Richtigkeit, Vollst\u00e4ndigkeit oder sonstige Qualit\u00e4t [&hellip;]<\/p>\n","protected":false},"author":2,"featured_media":0,"parent":0,"menu_order":0,"comment_status":"closed","ping_status":"closed","template":"elementor_header_footer","meta":{"footnotes":""},"blocksy_meta":"","_links":{"self":[{"href":"https:\/\/mueritz-bestattungen.de\/staging_C\/wp-json\/wp\/v2\/pages\/177"}],"collection":[{"href":"https:\/\/mueritz-bestattungen.de\/staging_C\/wp-json\/wp\/v2\/pages"}],"about":[{"href":"https:\/\/mueritz-bestattungen.de\/staging_C\/wp-json\/wp\/v2\/types\/page"}],"author":[{"embeddable":true,"href":"https:\/\/mueritz-bestattungen.de\/staging_C\/wp-json\/wp\/v2\/users\/2"}],"replies":[{"embeddable":true,"href":"https:\/\/mueritz-bestattungen.de\/staging_C\/wp-json\/wp\/v2\/comments?post=177"}],"version-history":[{"count":7,"href":"https:\/\/mueritz-bestattungen.de\/staging_C\/wp-json\/wp\/v2\/pages\/177\/revisions"}],"predecessor-version":[{"id":331,"href":"https:\/\/mueritz-bestattungen.de\/staging_C\/wp-json\/wp\/v2\/pages\/177\/revisions\/331"}],"wp:attachment":[{"href":"https:\/\/mueritz-bestattungen.de\/staging_C\/wp-json\/wp\/v2\/media?parent=177"}],"curies":[{"name":"wp","href":"https:\/\/api.w.org\/{rel}","templated":true}]}}